{"id":21,"date":"2017-12-03T21:41:10","date_gmt":"2017-12-03T20:41:10","guid":{"rendered":"http:\/\/le-maillon.fr\/?page_id=21"},"modified":"2018-02-03T10:32:02","modified_gmt":"2018-02-03T09:32:02","slug":"reinventer-lassociation","status":"publish","type":"page","link":"https:\/\/le-maillon.fr\/index.php\/reinventer-lassociation\/","title":{"rendered":"R\u00e9inventer l&rsquo;association"},"content":{"rendered":"<p>Pourquoi cr\u00e9er une nouvelle association d&rsquo;aide aux personnes d\u00e9munies alors qu&rsquo;il en existe d\u00e9j\u00e0 sur notre territoire ? Deux raisons principales expliquent notre choix et notre volont\u00e9 de cr\u00e9ation.<\/p>\n<h2>Sortir du cadre de l&rsquo;association classique pour une nouvelle organisation<\/h2>\n<p>La premi\u00e8re raison vient d&rsquo;un sentiment commun \u00e0 chacun de membres fondateurs : les associations ne sont pas exon\u00e9r\u00e9es de probl\u00e8mes de gestion de \u00ab l&rsquo; humain \u00bb. Chacun, dans sa \u00ab carri\u00e8re \u00bb de b\u00e9n\u00e9vole a d\u00fb faire face \u00e0 des dysfonctionnements allant de probl\u00e9matiques de gestion financi\u00e8re \u00e0 des questionnements sur l&rsquo;engagement et la neutralit\u00e9 des acteurs dans leurs d\u00e9marches. De ce fait, chacun des membres fondateurs avait une certaine anxi\u00e9t\u00e9 dans le fait d&rsquo;int\u00e9grer une association existante, avec ses \u00e9ventuelles probl\u00e9matiques sous-jacentes. De l\u00e0 est n\u00e9e la volont\u00e9 de cr\u00e9er notre propre organisation est d&rsquo;y attach\u00e9e des valeurs fortes telles que cit\u00e9es dans nos statuts :<br \/>\nL\u2019\u00e9galit\u00e9 des droits et l\u2019\u00e9quit\u00e9 \u2013 Le respect de l\u2019autre, \u00e9galement dans ses diff\u00e9rences et ses choix \u2013 La bienveillance \u2013 Le respect de la dignit\u00e9 humaine pour tous \u2013 la solidarit\u00e9 \u2013 l\u2019humilit\u00e9 face \u00e0 l\u2019action men\u00e9e \u2013 la pr\u00e9valence de l\u2019int\u00e9r\u00eat collectif &#8211; l&rsquo;int\u00e9grit\u00e9<\/p>\n<h2>Aller plus loin ensemble<\/h2>\n<p>La seconde raison est la volont\u00e9 d&rsquo;aller au del\u00e0 de l&rsquo;assistanat et de ne pas satisfaire uniquement les besoins primaires. D&rsquo;o\u00f9 notre volont\u00e9 de permettre aux personnes sans-domicile ou en situation de grande pr\u00e9carit\u00e9 de retrouver une meilleure sant\u00e9, de retourner vers l&#8217;emploi et vers un logement fixe par le biais d&rsquo;un accompagnement complet et r\u00e9alis\u00e9 en coop\u00e9ration avec les acteurs indispensables \u00e0 la r\u00e9alisation des projets des b\u00e9n\u00e9ficiaires : associations, institutions, services d&rsquo;\u00e9tat&#8230;<\/p>\n","protected":false},"excerpt":{"rendered":"<p>Pourquoi cr\u00e9er une nouvelle association d&rsquo;aide aux personnes d\u00e9munies alors qu&rsquo;il en existe d\u00e9j\u00e0 sur notre territoire ? Deux raisons principales expliquent notre choix et notre volont\u00e9 de cr\u00e9ation. Sortir du cadre de l&rsquo;association classique pour une nouvelle organisation La premi\u00e8re raison vient d&rsquo;un sentiment commun \u00e0 chacun de membres fondateurs : les associations ne [&hellip;]<\/p>\n","protected":false},"author":1,"featured_media":0,"parent":0,"menu_order":0,"comment_status":"closed","ping_status":"open","template":"","meta":[],"_links":{"self":[{"href":"https:\/\/le-maillon.fr\/index.php\/wp-json\/wp\/v2\/pages\/21"}],"collection":[{"href":"https:\/\/le-maillon.fr\/index.php\/wp-json\/wp\/v2\/pages"}],"about":[{"href":"https:\/\/le-maillon.fr\/index.php\/wp-json\/wp\/v2\/types\/page"}],"author":[{"embeddable":true,"href":"https:\/\/le-maillon.fr\/index.php\/wp-json\/wp\/v2\/users\/1"}],"replies":[{"embeddable":true,"href":"https:\/\/le-maillon.fr\/index.php\/wp-json\/wp\/v2\/comments?post=21"}],"version-history":[{"count":3,"href":"https:\/\/le-maillon.fr\/index.php\/wp-json\/wp\/v2\/pages\/21\/revisions"}],"predecessor-version":[{"id":107,"href":"https:\/\/le-maillon.fr\/index.php\/wp-json\/wp\/v2\/pages\/21\/revisions\/107"}],"wp:attachment":[{"href":"https:\/\/le-maillon.fr\/index.php\/wp-json\/wp\/v2\/media?parent=21"}],"curies":[{"name":"wp","href":"https:\/\/api.w.org\/{rel}","templated":true}]}}